{"id":1376,"date":"2020-10-04T12:46:13","date_gmt":"2020-10-04T10:46:13","guid":{"rendered":"https:\/\/mommma.be\/mosaique\/mosaiques-bruxelles\/"},"modified":"2021-07-27T20:58:05","modified_gmt":"2021-07-27T18:58:05","slug":"mosaiek-brussel","status":"publish","type":"page","link":"https:\/\/mommma.be\/nl\/mosaieken\/mosaiek-brussel\/","title":{"rendered":"Moza\u00efek Brussel"},"content":{"rendered":"\t\t<div data-elementor-type=\"wp-page\" data-elementor-id=\"1376\" class=\"elementor elementor-1376 elementor-722\" data-elementor-settings=\"[]\">\n\t\t\t\t\t\t<div class=\"elementor-inner\">\n\t\t\t\t\t\t\t<div class=\"elementor-section-wrap\">\n\t\t\t\t\t\t\t<section class=\"elementor-section elementor-top-section elementor-element elementor-element-30505377 elementor-section-boxed elementor-section-height-default elementor-section-height-default\" data-id=\"30505377\" data-element_type=\"section\">\n\t\t\t\t\t\t<div class=\"elementor-container elementor-column-gap-no\">\n\t\t\t\t\t\t\t<div class=\"elementor-row\">\n\t\t\t\t\t<div class=\"elementor-column elementor-col-100 elementor-top-column elementor-element elementor-element-71f8f4b3\" data-id=\"71f8f4b3\" data-element_type=\"column\">\n\t\t\t<div class=\"elementor-column-wrap elementor-element-populated\">\n\t\t\t\t\t\t\t<div class=\"elementor-widget-wrap\">\n\t\t\t\t\t\t<div class=\"elementor-element elementor-element-466d3dfe elementor-widget elementor-widget-text-editor\" data-id=\"466d3dfe\" data-element_type=\"widget\" data-widget_type=\"text-editor.default\">\n\t\t\t\t<div class=\"elementor-widget-container\">\n\t\t\t\t\t\t\t\t<div class=\"elementor-text-editor elementor-clearfix\">\n\t\t\t\t\t<div class=\"page\" title=\"Page 3\"><div class=\"section\"><div class=\"layoutArea\"><div class=\"column\"><p class=\"p1\">Bij ons, vindt u allerlei soorten moza\u00efeken, van de meest eenvoudige tot de meest gesofisticeerde.\u00a0<\/p><\/div><\/div><\/div><\/div>\t\t\t\t\t<\/div>\n\t\t\t\t\t\t<\/div>\n\t\t\t\t<\/div>\n\t\t\t\t\t\t<\/div>\n\t\t\t\t\t<\/div>\n\t\t<\/div>\n\t\t\t\t\t\t\t\t<\/div>\n\t\t\t\t\t<\/div>\n\t\t<\/section>\n\t\t\t\t<section class=\"elementor-section elementor-top-section elementor-element elementor-element-1dd58315 elementor-section-content-middle elementor-section-boxed elementor-section-height-default elementor-section-height-default\" data-id=\"1dd58315\" data-element_type=\"section\">\n\t\t\t\t\t\t<div class=\"elementor-container elementor-column-gap-no\">\n\t\t\t\t\t\t\t<div class=\"elementor-row\">\n\t\t\t\t\t<div class=\"elementor-column elementor-col-100 elementor-top-column elementor-element elementor-element-3d8723a4\" data-id=\"3d8723a4\" data-element_type=\"column\" data-settings=\"{&quot;animation&quot;:&quot;none&quot;}\">\n\t\t\t<div class=\"elementor-column-wrap elementor-element-populated\">\n\t\t\t\t\t\t\t<div class=\"elementor-widget-wrap\">\n\t\t\t\t\t\t<section class=\"elementor-section elementor-inner-section elementor-element elementor-element-7926cfab elementor-section-content-middle elementor-section-boxed elementor-section-height-default elementor-section-height-default\" data-id=\"7926cfab\" data-element_type=\"section\" data-settings=\"{&quot;motion_fx_motion_fx_scrolling&quot;:&quot;yes&quot;,&quot;motion_fx_opacity_effect&quot;:&quot;yes&quot;,&quot;motion_fx_opacity_range&quot;:{&quot;unit&quot;:&quot;%&quot;,&quot;size&quot;:&quot;&quot;,&quot;sizes&quot;:{&quot;start&quot;:10,&quot;end&quot;:39}},&quot;motion_fx_opacity_direction&quot;:&quot;out-in&quot;,&quot;motion_fx_opacity_level&quot;:{&quot;unit&quot;:&quot;px&quot;,&quot;size&quot;:10,&quot;sizes&quot;:[]},&quot;motion_fx_devices&quot;:[&quot;desktop&quot;,&quot;tablet&quot;,&quot;mobile&quot;]}\">\n\t\t\t\t\t\t<div class=\"elementor-container elementor-column-gap-no\">\n\t\t\t\t\t\t\t<div class=\"elementor-row\">\n\t\t\t\t\t<div class=\"elementor-column elementor-col-50 elementor-inner-column elementor-element elementor-element-5cc25f22\" data-id=\"5cc25f22\" data-element_type=\"column\" data-settings=\"{&quot;animation&quot;:&quot;none&quot;}\">\n\t\t\t<div class=\"elementor-column-wrap elementor-element-populated\">\n\t\t\t\t\t\t\t<div class=\"elementor-widget-wrap\">\n\t\t\t\t\t\t<div class=\"elementor-element elementor-element-335074ec elementor-widget elementor-widget-image\" data-id=\"335074ec\" data-element_type=\"widget\" data-widget_type=\"image.default\">\n\t\t\t\t<div class=\"elementor-widget-container\">\n\t\t\t\t\t\t\t\t<div class=\"elementor-image\">\n\t\t\t\t\t\t\t\t\t\t\t\t<img width=\"800\" height=\"599\" src=\"https:\/\/mommma.be\/wp-content\/uploads\/2021\/01\/YG_004635-1-1024x767.jpg\" class=\"attachment-large size-large\" alt=\"mosaique decorative\" loading=\"lazy\" srcset=\"https:\/\/mommma.be\/wp-content\/uploads\/2021\/01\/YG_004635-1-1024x767.jpg 1024w, https:\/\/mommma.be\/wp-content\/uploads\/2021\/01\/YG_004635-1-300x225.jpg 300w, https:\/\/mommma.be\/wp-content\/uploads\/2021\/01\/YG_004635-1-768x575.jpg 768w, https:\/\/mommma.be\/wp-content\/uploads\/2021\/01\/YG_004635-1-1536x1150.jpg 1536w, https:\/\/mommma.be\/wp-content\/uploads\/2021\/01\/YG_004635-1-2048x1534.jpg 2048w\" sizes=\"(max-width: 800px) 100vw, 800px\" \/>\t\t\t\t\t\t\t\t\t\t\t\t\t\t<\/div>\n\t\t\t\t\t\t<\/div>\n\t\t\t\t<\/div>\n\t\t\t\t\t\t<\/div>\n\t\t\t\t\t<\/div>\n\t\t<\/div>\n\t\t\t\t<div class=\"elementor-column elementor-col-50 elementor-inner-column elementor-element elementor-element-6f6da551\" data-id=\"6f6da551\" data-element_type=\"column\">\n\t\t\t<div class=\"elementor-column-wrap elementor-element-populated\">\n\t\t\t\t\t\t\t<div class=\"elementor-widget-wrap\">\n\t\t\t\t\t\t<div class=\"elementor-element elementor-element-56a562eb elementor-widget elementor-widget-heading\" data-id=\"56a562eb\" data-element_type=\"widget\" data-widget_type=\"heading.default\">\n\t\t\t\t<div class=\"elementor-widget-container\">\n\t\t\t<h2 class=\"elementor-heading-title elementor-size-default\">Allerlei soorten moza\u00efek\n<\/h2>\t\t<\/div>\n\t\t\t\t<\/div>\n\t\t\t\t<div class=\"elementor-element elementor-element-11ed543b elementor-widget elementor-widget-text-editor\" data-id=\"11ed543b\" data-element_type=\"widget\" data-widget_type=\"text-editor.default\">\n\t\t\t\t<div class=\"elementor-widget-container\">\n\t\t\t\t\t\t\t\t<div class=\"elementor-text-editor elementor-clearfix\">\n\t\t\t\t\t<div class=\"page\" title=\"Page 3\"><div class=\"section\"><div class=\"layoutArea\"><div class=\"column\"><p class=\"p1\">Reproducties van oosterse tapijten, of de versieringen ontleend aan de vloeren van de Basiliek van San Marco in Veneti\u00eb, niets schrikt ons af! In marmer, natuursteen, glas, metaal of goud, we hebben alles. Van de kleurrijkste tot de soberste. Van de meest transparante tot de meest levendige &amp; hevige kleuren.\u00a0<\/p><p class=\"p1\">\u00a0<\/p><\/div><\/div><\/div><\/div>\t\t\t\t\t<\/div>\n\t\t\t\t\t\t<\/div>\n\t\t\t\t<\/div>\n\t\t\t\t\t\t<\/div>\n\t\t\t\t\t<\/div>\n\t\t<\/div>\n\t\t\t\t\t\t\t\t<\/div>\n\t\t\t\t\t<\/div>\n\t\t<\/section>\n\t\t\t\t<section class=\"elementor-section elementor-inner-section elementor-element elementor-element-2ce1951f elementor-section-content-middle elementor-reverse-mobile elementor-section-boxed elementor-section-height-default elementor-section-height-default\" data-id=\"2ce1951f\" data-element_type=\"section\" data-settings=\"{&quot;motion_fx_motion_fx_scrolling&quot;:&quot;yes&quot;,&quot;motion_fx_opacity_effect&quot;:&quot;yes&quot;,&quot;motion_fx_opacity_range&quot;:{&quot;unit&quot;:&quot;%&quot;,&quot;size&quot;:&quot;&quot;,&quot;sizes&quot;:{&quot;start&quot;:40,&quot;end&quot;:50}},&quot;motion_fx_opacity_direction&quot;:&quot;out-in&quot;,&quot;motion_fx_opacity_level&quot;:{&quot;unit&quot;:&quot;px&quot;,&quot;size&quot;:10,&quot;sizes&quot;:[]},&quot;motion_fx_devices&quot;:[&quot;desktop&quot;,&quot;tablet&quot;,&quot;mobile&quot;]}\">\n\t\t\t\t\t\t<div class=\"elementor-container elementor-column-gap-no\">\n\t\t\t\t\t\t\t<div class=\"elementor-row\">\n\t\t\t\t\t<div class=\"elementor-column elementor-col-50 elementor-inner-column elementor-element elementor-element-163fc509\" data-id=\"163fc509\" data-element_type=\"column\">\n\t\t\t<div class=\"elementor-column-wrap elementor-element-populated\">\n\t\t\t\t\t\t\t<div class=\"elementor-widget-wrap\">\n\t\t\t\t\t\t<div class=\"elementor-element elementor-element-f93cfcf elementor-widget elementor-widget-heading\" data-id=\"f93cfcf\" data-element_type=\"widget\" data-widget_type=\"heading.default\">\n\t\t\t\t<div class=\"elementor-widget-container\">\n\t\t\t<h2 class=\"elementor-heading-title elementor-size-default\">Moza\u00efek kopen in Brussel\n<\/h2>\t\t<\/div>\n\t\t\t\t<\/div>\n\t\t\t\t<div class=\"elementor-element elementor-element-442e9aa3 elementor-widget elementor-widget-text-editor\" data-id=\"442e9aa3\" data-element_type=\"widget\" data-widget_type=\"text-editor.default\">\n\t\t\t\t<div class=\"elementor-widget-container\">\n\t\t\t\t\t\t\t\t<div class=\"elementor-text-editor elementor-clearfix\">\n\t\t\t\t\t<div class=\"page\" title=\"Page 3\">\n<div class=\"section\">\n<div class=\"layoutArea\">\n<div class=\"column\">\n<div class=\"page\" title=\"Page 3\">\n<div class=\"section\">\n<div class=\"layoutArea\">\n<div class=\"column\">\n<p class=\"p1\">Voor elke aankoop van moza\u00efek, MOMMMA biedt een breed scala van materialen die verkrijgbaar zijn op basis van uw wensen: keuken moza\u00efek, badkamer moza\u00efek, tegel moza\u00efek, kleur moza\u00efek, glas moza\u00efek en vele anderen &#8230; Vind de hele selectie in Brussel.&nbsp;<\/p>\n<p class=\"p1\">\n<\/p><\/div>\n<\/div>\n<\/div>\n<\/div>\n<\/div>\n<\/div>\n<\/div>\n<\/div>\t\t\t\t\t<\/div>\n\t\t\t\t\t\t<\/div>\n\t\t\t\t<\/div>\n\t\t\t\t\t\t<\/div>\n\t\t\t\t\t<\/div>\n\t\t<\/div>\n\t\t\t\t<div class=\"elementor-column elementor-col-50 elementor-inner-column elementor-element elementor-element-291f323b\" data-id=\"291f323b\" data-element_type=\"column\">\n\t\t\t<div class=\"elementor-column-wrap elementor-element-populated\">\n\t\t\t\t\t\t\t<div class=\"elementor-widget-wrap\">\n\t\t\t\t\t\t<div class=\"elementor-element elementor-element-3ee8cbf0 elementor-widget elementor-widget-image\" data-id=\"3ee8cbf0\" data-element_type=\"widget\" data-widget_type=\"image.default\">\n\t\t\t\t<div class=\"elementor-widget-container\">\n\t\t\t\t\t\t\t\t<div class=\"elementor-image\">\n\t\t\t\t\t\t\t\t\t\t\t\t<img width=\"800\" height=\"599\" src=\"https:\/\/mommma.be\/wp-content\/uploads\/2021\/01\/Mur-retro-lumineux-1024x767.jpg\" class=\"attachment-large size-large\" alt=\"mur retro lumineux\" loading=\"lazy\" srcset=\"https:\/\/mommma.be\/wp-content\/uploads\/2021\/01\/Mur-retro-lumineux-1024x767.jpg 1024w, https:\/\/mommma.be\/wp-content\/uploads\/2021\/01\/Mur-retro-lumineux-300x225.jpg 300w, https:\/\/mommma.be\/wp-content\/uploads\/2021\/01\/Mur-retro-lumineux-768x575.jpg 768w, https:\/\/mommma.be\/wp-content\/uploads\/2021\/01\/Mur-retro-lumineux-1536x1150.jpg 1536w, https:\/\/mommma.be\/wp-content\/uploads\/2021\/01\/Mur-retro-lumineux-2048x1534.jpg 2048w\" sizes=\"(max-width: 800px) 100vw, 800px\" \/>\t\t\t\t\t\t\t\t\t\t\t\t\t\t<\/div>\n\t\t\t\t\t\t<\/div>\n\t\t\t\t<\/div>\n\t\t\t\t\t\t<\/div>\n\t\t\t\t\t<\/div>\n\t\t<\/div>\n\t\t\t\t\t\t\t\t<\/div>\n\t\t\t\t\t<\/div>\n\t\t<\/section>\n\t\t\t\t\t\t<\/div>\n\t\t\t\t\t<\/div>\n\t\t<\/div>\n\t\t\t\t\t\t\t\t<\/div>\n\t\t\t\t\t<\/div>\n\t\t<\/section>\n\t\t\t\t<section class=\"elementor-section elementor-top-section elementor-element elementor-element-5df16025 elementor-section-boxed elementor-section-height-default elementor-section-height-default\" data-id=\"5df16025\" data-element_type=\"section\" data-settings=\"{&quot;motion_fx_motion_fx_scrolling&quot;:&quot;yes&quot;,&quot;motion_fx_opacity_effect&quot;:&quot;yes&quot;,&quot;motion_fx_opacity_range&quot;:{&quot;unit&quot;:&quot;%&quot;,&quot;size&quot;:&quot;&quot;,&quot;sizes&quot;:{&quot;start&quot;:33,&quot;end&quot;:49}},&quot;motion_fx_opacity_direction&quot;:&quot;out-in&quot;,&quot;motion_fx_opacity_level&quot;:{&quot;unit&quot;:&quot;px&quot;,&quot;size&quot;:10,&quot;sizes&quot;:[]},&quot;motion_fx_devices&quot;:[&quot;desktop&quot;,&quot;tablet&quot;,&quot;mobile&quot;]}\">\n\t\t\t\t\t\t<div class=\"elementor-container elementor-column-gap-no\">\n\t\t\t\t\t\t\t<div class=\"elementor-row\">\n\t\t\t\t\t<div class=\"elementor-column elementor-col-100 elementor-top-column elementor-element elementor-element-328eae6b\" data-id=\"328eae6b\" data-element_type=\"column\">\n\t\t\t<div class=\"elementor-column-wrap elementor-element-populated\">\n\t\t\t\t\t\t\t<div class=\"elementor-widget-wrap\">\n\t\t\t\t\t\t<div class=\"elementor-element elementor-element-4257ac46 elementor-widget elementor-widget-image\" data-id=\"4257ac46\" data-element_type=\"widget\" data-widget_type=\"image.default\">\n\t\t\t\t<div class=\"elementor-widget-container\">\n\t\t\t\t\t\t\t\t<div class=\"elementor-image\">\n\t\t\t\t\t\t\t\t\t\t\t\t<img width=\"800\" height=\"217\" src=\"https:\/\/mommma.be\/wp-content\/uploads\/2021\/01\/Bannie\u0300re-mos-Bxl-1024x278.jpg\" class=\"attachment-large size-large\" alt=\"baniere mosaique bruxelles\" loading=\"lazy\" srcset=\"https:\/\/mommma.be\/wp-content\/uploads\/2021\/01\/Bannie\u0300re-mos-Bxl-1024x278.jpg 1024w, https:\/\/mommma.be\/wp-content\/uploads\/2021\/01\/Bannie\u0300re-mos-Bxl-300x81.jpg 300w, https:\/\/mommma.be\/wp-content\/uploads\/2021\/01\/Bannie\u0300re-mos-Bxl-768x208.jpg 768w, https:\/\/mommma.be\/wp-content\/uploads\/2021\/01\/Bannie\u0300re-mos-Bxl-1536x417.jpg 1536w, https:\/\/mommma.be\/wp-content\/uploads\/2021\/01\/Bannie\u0300re-mos-Bxl-2048x556.jpg 2048w\" sizes=\"(max-width: 800px) 100vw, 800px\" \/>\t\t\t\t\t\t\t\t\t\t\t\t\t\t<\/div>\n\t\t\t\t\t\t<\/div>\n\t\t\t\t<\/div>\n\t\t\t\t\t\t<\/div>\n\t\t\t\t\t<\/div>\n\t\t<\/div>\n\t\t\t\t\t\t\t\t<\/div>\n\t\t\t\t\t<\/div>\n\t\t<\/section>\n\t\t\t\t<section class=\"elementor-section elementor-top-section elementor-element elementor-element-35b83ff5 elementor-section-boxed elementor-section-height-default elementor-section-height-default\" data-id=\"35b83ff5\" data-element_type=\"section\">\n\t\t\t\t\t\t<div class=\"elementor-container elementor-column-gap-default\">\n\t\t\t\t\t\t\t<div class=\"elementor-row\">\n\t\t\t\t\t<div class=\"elementor-column elementor-col-100 elementor-top-column elementor-element elementor-element-76ef93f8\" data-id=\"76ef93f8\" data-element_type=\"column\" data-settings=\"{&quot;motion_fx_motion_fx_scrolling&quot;:&quot;yes&quot;,&quot;motion_fx_opacity_effect&quot;:&quot;yes&quot;,&quot;motion_fx_opacity_range&quot;:{&quot;unit&quot;:&quot;%&quot;,&quot;size&quot;:&quot;&quot;,&quot;sizes&quot;:{&quot;start&quot;:30,&quot;end&quot;:49}},&quot;motion_fx_opacity_direction&quot;:&quot;out-in&quot;,&quot;motion_fx_opacity_level&quot;:{&quot;unit&quot;:&quot;px&quot;,&quot;size&quot;:10,&quot;sizes&quot;:[]},&quot;motion_fx_devices&quot;:[&quot;desktop&quot;,&quot;tablet&quot;,&quot;mobile&quot;]}\">\n\t\t\t<div class=\"elementor-column-wrap elementor-element-populated\">\n\t\t\t\t\t\t\t<div class=\"elementor-widget-wrap\">\n\t\t\t\t\t\t<div class=\"elementor-element elementor-element-30527e3c elementor-widget elementor-widget-heading\" data-id=\"30527e3c\" data-element_type=\"widget\" data-widget_type=\"heading.default\">\n\t\t\t\t<div class=\"elementor-widget-container\">\n\t\t\t<h3 class=\"elementor-heading-title elementor-size-default\">Bent U ge\u00efnteresseerd in ons moza\u00efek?\n<\/h3>\t\t<\/div>\n\t\t\t\t<\/div>\n\t\t\t\t<div class=\"elementor-element elementor-element-6b98bd0 elementor-widget elementor-widget-text-editor\" data-id=\"6b98bd0\" data-element_type=\"widget\" data-widget_type=\"text-editor.default\">\n\t\t\t\t<div class=\"elementor-widget-container\">\n\t\t\t\t\t\t\t\t<div class=\"elementor-text-editor elementor-clearfix\">\n\t\t\t\t\t<div class=\"page\" title=\"Page 3\"><div class=\"section\"><div class=\"layoutArea\"><div class=\"column\"><p class=\"p1\"><b>Enkel toegankelijk op afspraak.<span class=\"Apple-converted-space\">\u00a0 <\/span>Kom en ontdek onze collecties in onze showroom, gelegen op de Tenbosstraat 88, in B-1050 Brussel.<\/b><\/p><\/div><\/div><\/div><\/div>\t\t\t\t\t<\/div>\n\t\t\t\t\t\t<\/div>\n\t\t\t\t<\/div>\n\t\t\t\t<div class=\"elementor-element elementor-element-49894413 elementor-align-center elementor-widget elementor-widget-button\" data-id=\"49894413\" data-element_type=\"widget\" data-widget_type=\"button.default\">\n\t\t\t\t<div class=\"elementor-widget-container\">\n\t\t\t\t\t<div class=\"elementor-button-wrapper\">\n\t\t\t<a href=\"#\" class=\"elementor-button-link elementor-button elementor-size-xl\" role=\"button\">\n\t\t\t\t\t\t<span class=\"elementor-button-content-wrapper\">\n\t\t\t\t\t\t<span class=\"elementor-button-text\">Vraag om een afspraak<\/span>\n\t\t<\/span>\n\t\t\t\t\t<\/a>\n\t\t<\/div>\n\t\t\t\t<\/div>\n\t\t\t\t<\/div>\n\t\t\t\t\t\t<\/div>\n\t\t\t\t\t<\/div>\n\t\t<\/div>\n\t\t\t\t\t\t\t\t<\/div>\n\t\t\t\t\t<\/div>\n\t\t<\/section>\n\t\t\t\t\t\t<\/div>\n\t\t\t\t\t\t<\/div>\n\t\t\t\t\t<\/div>\n\t\t","protected":false},"excerpt":{"rendered":"<p>Bij ons, vindt u allerlei soorten moza\u00efeken, van de meest eenvoudige tot de meest gesofisticeerde.\u00a0 Allerlei soorten moza\u00efek Reproducties van oosterse tapijten, of de versieringen ontleend aan de vloeren van de Basiliek van San Marco in Veneti\u00eb, niets schrikt ons af! In marmer, natuursteen, glas, metaal of goud, we hebben alles. Van de kleurrijkste tot [&hellip;]<\/p>\n","protected":false},"author":1,"featured_media":706,"parent":1374,"menu_order":0,"comment_status":"closed","ping_status":"closed","template":"","meta":[],"yoast_head":"<!-- This site is optimized with the Yoast SEO plugin v16.8 - https:\/\/yoast.com\/wordpress\/plugins\/seo\/ -->\n<title>Moza\u00efek Brussel - MOMMMA Moza\u00efek<\/title>\n<meta name=\"description\" content=\"Keukenmoza\u00efek, badkamermoza\u00efek, tegelmoza\u00efek, kleurenmoza\u00efek ... Vind onze selectie in onze showroom. Gratis Offerte\" \/>\n<meta name=\"robots\" content=\"index, follow, max-snippet:-1, max-image-preview:large, max-video-preview:-1\" \/>\n<link rel=\"canonical\" href=\"https:\/\/mommma.be\/nl\/mosaieken\/mosaiek-brussel\/\" \/>\n<meta property=\"og:locale\" content=\"nl_NL\" \/>\n<meta property=\"og:type\" content=\"article\" \/>\n<meta property=\"og:title\" content=\"Moza\u00efek Brussel - MOMMMA Moza\u00efek\" \/>\n<meta property=\"og:description\" content=\"Keukenmoza\u00efek, badkamermoza\u00efek, tegelmoza\u00efek, kleurenmoza\u00efek ... Vind onze selectie in onze showroom. Gratis Offerte\" \/>\n<meta property=\"og:url\" content=\"https:\/\/mommma.be\/nl\/mosaieken\/mosaiek-brussel\/\" \/>\n<meta property=\"og:site_name\" content=\"MoMa Mosaiques\" \/>\n<meta property=\"article:publisher\" content=\"https:\/\/www.facebook.com\/Mommma-103009985185430\" \/>\n<meta property=\"article:modified_time\" content=\"2021-07-27T18:58:05+00:00\" \/>\n<meta property=\"og:image\" content=\"https:\/\/mommma.be\/wp-content\/uploads\/2020\/10\/Grey-AMB-B2-scaled.jpg\" \/>\n\t<meta property=\"og:image:width\" content=\"5394\" \/>\n\t<meta property=\"og:image:height\" content=\"4044\" \/>\n<meta name=\"twitter:card\" content=\"summary_large_image\" \/>\n<meta name=\"twitter:label1\" content=\"Geschatte leestijd\" \/>\n\t<meta name=\"twitter:data1\" content=\"2 minuten\" \/>\n<script type=\"application\/ld+json\" class=\"yoast-schema-graph\">{\"@context\":\"https:\/\/schema.org\",\"@graph\":[{\"@type\":\"Organization\",\"@id\":\"https:\/\/mommma.be\/#organization\",\"name\":\"Mommma\",\"url\":\"https:\/\/mommma.be\/\",\"sameAs\":[\"https:\/\/www.facebook.com\/Mommma-103009985185430\",\"https:\/\/www.linkedin.com\/company\/75874959\"],\"logo\":{\"@type\":\"ImageObject\",\"@id\":\"https:\/\/mommma.be\/#logo\",\"inLanguage\":\"nl\",\"url\":\"https:\/\/mommma.be\/wp-content\/uploads\/2021\/07\/Mommma-mosaiques-Bruxelles.jpeg\",\"contentUrl\":\"https:\/\/mommma.be\/wp-content\/uploads\/2021\/07\/Mommma-mosaiques-Bruxelles.jpeg\",\"width\":988,\"height\":1146,\"caption\":\"Mommma\"},\"image\":{\"@id\":\"https:\/\/mommma.be\/#logo\"}},{\"@type\":\"WebSite\",\"@id\":\"https:\/\/mommma.be\/#website\",\"url\":\"https:\/\/mommma.be\/\",\"name\":\"MoMMMa Mosaiques\",\"description\":\"importateur en Belgique de mosa\\u00efques et marqueteries de marbre, pierre naturelle, carrelages en c\\u00e9ramique\",\"publisher\":{\"@id\":\"https:\/\/mommma.be\/#organization\"},\"potentialAction\":[{\"@type\":\"SearchAction\",\"target\":{\"@type\":\"EntryPoint\",\"urlTemplate\":\"https:\/\/mommma.be\/?s={search_term_string}\"},\"query-input\":\"required name=search_term_string\"}],\"inLanguage\":\"nl\"},{\"@type\":\"ImageObject\",\"@id\":\"https:\/\/mommma.be\/nl\/mosaieken\/mosaiek-brussel\/#primaryimage\",\"inLanguage\":\"nl\",\"url\":\"https:\/\/mommma.be\/wp-content\/uploads\/2020\/10\/Grey-AMB-B2-scaled.jpg\",\"contentUrl\":\"https:\/\/mommma.be\/wp-content\/uploads\/2020\/10\/Grey-AMB-B2-scaled.jpg\",\"width\":5394,\"height\":4044,\"caption\":\"sol en marbre avec motif\"},{\"@type\":\"WebPage\",\"@id\":\"https:\/\/mommma.be\/nl\/mosaieken\/mosaiek-brussel\/#webpage\",\"url\":\"https:\/\/mommma.be\/nl\/mosaieken\/mosaiek-brussel\/\",\"name\":\"Moza\\u00efek Brussel - MOMMMA Moza\\u00efek\",\"isPartOf\":{\"@id\":\"https:\/\/mommma.be\/#website\"},\"primaryImageOfPage\":{\"@id\":\"https:\/\/mommma.be\/nl\/mosaieken\/mosaiek-brussel\/#primaryimage\"},\"datePublished\":\"2020-10-04T10:46:13+00:00\",\"dateModified\":\"2021-07-27T18:58:05+00:00\",\"description\":\"Keukenmoza\\u00efek, badkamermoza\\u00efek, tegelmoza\\u00efek, kleurenmoza\\u00efek ... Vind onze selectie in onze showroom. Gratis Offerte\",\"breadcrumb\":{\"@id\":\"https:\/\/mommma.be\/nl\/mosaieken\/mosaiek-brussel\/#breadcrumb\"},\"inLanguage\":\"nl\",\"potentialAction\":[{\"@type\":\"ReadAction\",\"target\":[\"https:\/\/mommma.be\/nl\/mosaieken\/mosaiek-brussel\/\"]}]},{\"@type\":\"BreadcrumbList\",\"@id\":\"https:\/\/mommma.be\/nl\/mosaieken\/mosaiek-brussel\/#breadcrumb\",\"itemListElement\":[{\"@type\":\"ListItem\",\"position\":1,\"name\":\"Home\",\"item\":\"https:\/\/mommma.be\/nl\/\"},{\"@type\":\"ListItem\",\"position\":2,\"name\":\"Moza\\u00efeken\",\"item\":\"https:\/\/mommma.be\/nl\/mosaieken\/\"},{\"@type\":\"ListItem\",\"position\":3,\"name\":\"Moza\\u00efek Brussel\"}]}]}<\/script>\n<!-- \/ Yoast SEO plugin. -->","yoast_head_json":{"title":"Moza\u00efek Brussel - MOMMMA Moza\u00efek","description":"Keukenmoza\u00efek, badkamermoza\u00efek, tegelmoza\u00efek, kleurenmoza\u00efek ... Vind onze selectie in onze showroom. Gratis Offerte","robots":{"index":"index","follow":"follow","max-snippet":"max-snippet:-1","max-image-preview":"max-image-preview:large","max-video-preview":"max-video-preview:-1"},"canonical":"https:\/\/mommma.be\/nl\/mosaieken\/mosaiek-brussel\/","og_locale":"nl_NL","og_type":"article","og_title":"Moza\u00efek Brussel - MOMMMA Moza\u00efek","og_description":"Keukenmoza\u00efek, badkamermoza\u00efek, tegelmoza\u00efek, kleurenmoza\u00efek ... Vind onze selectie in onze showroom. Gratis Offerte","og_url":"https:\/\/mommma.be\/nl\/mosaieken\/mosaiek-brussel\/","og_site_name":"MoMa Mosaiques","article_publisher":"https:\/\/www.facebook.com\/Mommma-103009985185430","article_modified_time":"2021-07-27T18:58:05+00:00","og_image":[{"width":5394,"height":4044,"url":"https:\/\/mommma.be\/wp-content\/uploads\/2020\/10\/Grey-AMB-B2-scaled.jpg","path":"\/home\/mommmay\/www\/wp-content\/uploads\/2020\/10\/Grey-AMB-B2-scaled.jpg","size":"full","id":706,"alt":"sol en marbre avec motif ","pixels":21813336,"type":"image\/jpeg"}],"twitter_card":"summary_large_image","twitter_misc":{"Geschatte leestijd":"2 minuten"},"schema":{"@context":"https:\/\/schema.org","@graph":[{"@type":"Organization","@id":"https:\/\/mommma.be\/#organization","name":"Mommma","url":"https:\/\/mommma.be\/","sameAs":["https:\/\/www.facebook.com\/Mommma-103009985185430","https:\/\/www.linkedin.com\/company\/75874959"],"logo":{"@type":"ImageObject","@id":"https:\/\/mommma.be\/#logo","inLanguage":"nl","url":"https:\/\/mommma.be\/wp-content\/uploads\/2021\/07\/Mommma-mosaiques-Bruxelles.jpeg","contentUrl":"https:\/\/mommma.be\/wp-content\/uploads\/2021\/07\/Mommma-mosaiques-Bruxelles.jpeg","width":988,"height":1146,"caption":"Mommma"},"image":{"@id":"https:\/\/mommma.be\/#logo"}},{"@type":"WebSite","@id":"https:\/\/mommma.be\/#website","url":"https:\/\/mommma.be\/","name":"MoMMMa Mosaiques","description":"importateur en Belgique de mosa\u00efques et marqueteries de marbre, pierre naturelle, carrelages en c\u00e9ramique","publisher":{"@id":"https:\/\/mommma.be\/#organization"},"potentialAction":[{"@type":"SearchAction","target":{"@type":"EntryPoint","urlTemplate":"https:\/\/mommma.be\/?s={search_term_string}"},"query-input":"required name=search_term_string"}],"inLanguage":"nl"},{"@type":"ImageObject","@id":"https:\/\/mommma.be\/nl\/mosaieken\/mosaiek-brussel\/#primaryimage","inLanguage":"nl","url":"https:\/\/mommma.be\/wp-content\/uploads\/2020\/10\/Grey-AMB-B2-scaled.jpg","contentUrl":"https:\/\/mommma.be\/wp-content\/uploads\/2020\/10\/Grey-AMB-B2-scaled.jpg","width":5394,"height":4044,"caption":"sol en marbre avec motif"},{"@type":"WebPage","@id":"https:\/\/mommma.be\/nl\/mosaieken\/mosaiek-brussel\/#webpage","url":"https:\/\/mommma.be\/nl\/mosaieken\/mosaiek-brussel\/","name":"Moza\u00efek Brussel - MOMMMA Moza\u00efek","isPartOf":{"@id":"https:\/\/mommma.be\/#website"},"primaryImageOfPage":{"@id":"https:\/\/mommma.be\/nl\/mosaieken\/mosaiek-brussel\/#primaryimage"},"datePublished":"2020-10-04T10:46:13+00:00","dateModified":"2021-07-27T18:58:05+00:00","description":"Keukenmoza\u00efek, badkamermoza\u00efek, tegelmoza\u00efek, kleurenmoza\u00efek ... Vind onze selectie in onze showroom. Gratis Offerte","breadcrumb":{"@id":"https:\/\/mommma.be\/nl\/mosaieken\/mosaiek-brussel\/#breadcrumb"},"inLanguage":"nl","potentialAction":[{"@type":"ReadAction","target":["https:\/\/mommma.be\/nl\/mosaieken\/mosaiek-brussel\/"]}]},{"@type":"BreadcrumbList","@id":"https:\/\/mommma.be\/nl\/mosaieken\/mosaiek-brussel\/#breadcrumb","itemListElement":[{"@type":"ListItem","position":1,"name":"Home","item":"https:\/\/mommma.be\/nl\/"},{"@type":"ListItem","position":2,"name":"Moza\u00efeken","item":"https:\/\/mommma.be\/nl\/mosaieken\/"},{"@type":"ListItem","position":3,"name":"Moza\u00efek Brussel"}]}]}},"_links":{"self":[{"href":"https:\/\/mommma.be\/nl\/wp-json\/wp\/v2\/pages\/1376"}],"collection":[{"href":"https:\/\/mommma.be\/nl\/wp-json\/wp\/v2\/pages"}],"about":[{"href":"https:\/\/mommma.be\/nl\/wp-json\/wp\/v2\/types\/page"}],"author":[{"embeddable":true,"href":"https:\/\/mommma.be\/nl\/wp-json\/wp\/v2\/users\/1"}],"replies":[{"embeddable":true,"href":"https:\/\/mommma.be\/nl\/wp-json\/wp\/v2\/comments?post=1376"}],"version-history":[{"count":8,"href":"https:\/\/mommma.be\/nl\/wp-json\/wp\/v2\/pages\/1376\/revisions"}],"predecessor-version":[{"id":2332,"href":"https:\/\/mommma.be\/nl\/wp-json\/wp\/v2\/pages\/1376\/revisions\/2332"}],"up":[{"embeddable":true,"href":"https:\/\/mommma.be\/nl\/wp-json\/wp\/v2\/pages\/1374"}],"wp:featuredmedia":[{"embeddable":true,"href":"https:\/\/mommma.be\/nl\/wp-json\/wp\/v2\/media\/706"}],"wp:attachment":[{"href":"https:\/\/mommma.be\/nl\/wp-json\/wp\/v2\/media?parent=1376"}],"curies":[{"name":"wp","href":"https:\/\/api.w.org\/{rel}","templated":true}]}}