{"id":1374,"date":"2020-09-30T14:18:51","date_gmt":"2020-09-30T12:18:51","guid":{"rendered":"https:\/\/mommma.be\/mosaique\/"},"modified":"2021-03-26T15:53:56","modified_gmt":"2021-03-26T14:53:56","slug":"mosaieken","status":"publish","type":"page","link":"https:\/\/mommma.be\/nl\/mosaieken\/","title":{"rendered":"Moza\u00efeken"},"content":{"rendered":"\t\t<div data-elementor-type=\"wp-page\" data-elementor-id=\"1374\" class=\"elementor elementor-1374 elementor-65\" data-elementor-settings=\"[]\">\n\t\t\t\t\t\t<div class=\"elementor-inner\">\n\t\t\t\t\t\t\t<div class=\"elementor-section-wrap\">\n\t\t\t\t\t\t\t<section class=\"elementor-section elementor-top-section elementor-element elementor-element-5fe64e14 elementor-section-boxed elementor-section-height-default elementor-section-height-default\" data-id=\"5fe64e14\" data-element_type=\"section\">\n\t\t\t\t\t\t<div class=\"elementor-container elementor-column-gap-no\">\n\t\t\t\t\t\t\t<div class=\"elementor-row\">\n\t\t\t\t\t<div class=\"elementor-column elementor-col-100 elementor-top-column elementor-element elementor-element-6408933d\" data-id=\"6408933d\" data-element_type=\"column\">\n\t\t\t<div class=\"elementor-column-wrap elementor-element-populated\">\n\t\t\t\t\t\t\t<div class=\"elementor-widget-wrap\">\n\t\t\t\t\t\t<div class=\"elementor-element elementor-element-1abea93f elementor-widget elementor-widget-text-editor\" data-id=\"1abea93f\" data-element_type=\"widget\" data-widget_type=\"text-editor.default\">\n\t\t\t\t<div class=\"elementor-widget-container\">\n\t\t\t\t\t\t\t\t<div class=\"elementor-text-editor elementor-clearfix\">\n\t\t\t\t\t<div class=\"page\" title=\"Page 3\"><div class=\"section\"><div class=\"layoutArea\"><div class=\"column\"><p class=\"p1\"><b>Moza\u00efek<\/b> is synoniem voor <b>Vorm, Kleur, Creativiteit, Decoratie<\/b>.<\/p><p class=\"p1\">Moza\u00efek zal de grootste voldoening schenken aan iedereen die op zoek is naar esthetiek.<\/p><p class=\"p1\">Uitzonderlijk decoratief resultaat gegarandeerd.<\/p><\/div><\/div><\/div><\/div>\t\t\t\t\t<\/div>\n\t\t\t\t\t\t<\/div>\n\t\t\t\t<\/div>\n\t\t\t\t\t\t<\/div>\n\t\t\t\t\t<\/div>\n\t\t<\/div>\n\t\t\t\t\t\t\t\t<\/div>\n\t\t\t\t\t<\/div>\n\t\t<\/section>\n\t\t\t\t<section class=\"elementor-section elementor-top-section elementor-element elementor-element-6fcf22b2 elementor-section-content-middle elementor-section-boxed elementor-section-height-default elementor-section-height-default\" data-id=\"6fcf22b2\" data-element_type=\"section\">\n\t\t\t\t\t\t<div class=\"elementor-container elementor-column-gap-no\">\n\t\t\t\t\t\t\t<div class=\"elementor-row\">\n\t\t\t\t\t<div class=\"elementor-column elementor-col-100 elementor-top-column elementor-element elementor-element-399d36b6\" data-id=\"399d36b6\" data-element_type=\"column\" data-settings=\"{&quot;animation&quot;:&quot;none&quot;}\">\n\t\t\t<div class=\"elementor-column-wrap elementor-element-populated\">\n\t\t\t\t\t\t\t<div class=\"elementor-widget-wrap\">\n\t\t\t\t\t\t<section class=\"elementor-section elementor-inner-section elementor-element elementor-element-30508dba elementor-section-content-middle elementor-section-boxed elementor-section-height-default elementor-section-height-default\" data-id=\"30508dba\" data-element_type=\"section\" data-settings=\"{&quot;motion_fx_motion_fx_scrolling&quot;:&quot;yes&quot;,&quot;motion_fx_opacity_effect&quot;:&quot;yes&quot;,&quot;motion_fx_opacity_range&quot;:{&quot;unit&quot;:&quot;%&quot;,&quot;size&quot;:&quot;&quot;,&quot;sizes&quot;:{&quot;start&quot;:10,&quot;end&quot;:39}},&quot;motion_fx_opacity_direction&quot;:&quot;out-in&quot;,&quot;motion_fx_opacity_level&quot;:{&quot;unit&quot;:&quot;px&quot;,&quot;size&quot;:10,&quot;sizes&quot;:[]},&quot;motion_fx_devices&quot;:[&quot;desktop&quot;,&quot;tablet&quot;,&quot;mobile&quot;]}\">\n\t\t\t\t\t\t<div class=\"elementor-container elementor-column-gap-no\">\n\t\t\t\t\t\t\t<div class=\"elementor-row\">\n\t\t\t\t\t<div class=\"elementor-column elementor-col-50 elementor-inner-column elementor-element elementor-element-38eff9a5\" data-id=\"38eff9a5\" data-element_type=\"column\" data-settings=\"{&quot;animation&quot;:&quot;none&quot;}\">\n\t\t\t<div class=\"elementor-column-wrap elementor-element-populated\">\n\t\t\t\t\t\t\t<div class=\"elementor-widget-wrap\">\n\t\t\t\t\t\t<div class=\"elementor-element elementor-element-43694fef elementor-widget elementor-widget-image\" data-id=\"43694fef\" data-element_type=\"widget\" data-widget_type=\"image.default\">\n\t\t\t\t<div class=\"elementor-widget-container\">\n\t\t\t\t\t\t\t\t<div class=\"elementor-image\">\n\t\t\t\t\t\t\t\t\t\t\t\t<img width=\"800\" height=\"876\" src=\"https:\/\/mommma.be\/wp-content\/uploads\/2021\/01\/Fleur-fait-main-935x1024.jpg\" class=\"attachment-large size-large\" alt=\"mosaique couleur fleur fait main\" loading=\"lazy\" srcset=\"https:\/\/mommma.be\/wp-content\/uploads\/2021\/01\/Fleur-fait-main-935x1024.jpg 935w, https:\/\/mommma.be\/wp-content\/uploads\/2021\/01\/Fleur-fait-main-274x300.jpg 274w, https:\/\/mommma.be\/wp-content\/uploads\/2021\/01\/Fleur-fait-main-768x841.jpg 768w, https:\/\/mommma.be\/wp-content\/uploads\/2021\/01\/Fleur-fait-main-1403x1536.jpg 1403w, https:\/\/mommma.be\/wp-content\/uploads\/2021\/01\/Fleur-fait-main-1871x2048.jpg 1871w\" sizes=\"(max-width: 800px) 100vw, 800px\" \/>\t\t\t\t\t\t\t\t\t\t\t\t\t\t<\/div>\n\t\t\t\t\t\t<\/div>\n\t\t\t\t<\/div>\n\t\t\t\t\t\t<\/div>\n\t\t\t\t\t<\/div>\n\t\t<\/div>\n\t\t\t\t<div class=\"elementor-column elementor-col-50 elementor-inner-column elementor-element elementor-element-c9f15ef\" data-id=\"c9f15ef\" data-element_type=\"column\">\n\t\t\t<div class=\"elementor-column-wrap elementor-element-populated\">\n\t\t\t\t\t\t\t<div class=\"elementor-widget-wrap\">\n\t\t\t\t\t\t<div class=\"elementor-element elementor-element-5c6543df elementor-widget elementor-widget-heading\" data-id=\"5c6543df\" data-element_type=\"widget\" data-widget_type=\"heading.default\">\n\t\t\t\t<div class=\"elementor-widget-container\">\n\t\t\t<h2 class=\"elementor-heading-title elementor-size-default\">Breed scala aan moza\u00efeken<\/h2>\t\t<\/div>\n\t\t\t\t<\/div>\n\t\t\t\t<div class=\"elementor-element elementor-element-558a03eb elementor-widget elementor-widget-text-editor\" data-id=\"558a03eb\" data-element_type=\"widget\" data-widget_type=\"text-editor.default\">\n\t\t\t\t<div class=\"elementor-widget-container\">\n\t\t\t\t\t\t\t\t<div class=\"elementor-text-editor elementor-clearfix\">\n\t\t\t\t\t<div class=\"page\" title=\"Page 3\"><div class=\"section\"><div class=\"layoutArea\"><div class=\"column\"><p class=\"p1\">In totaal bieden wij <b>marmermoza\u00efeken, glasmoza\u00efeken, roestvrijstalen moza\u00efeken<\/b> en <b>steengoed moza\u00efeken<\/b>. Alles in meer dan 1.200 <b>uni-kleuren<\/b>, verkrijgbaar in verschillende afmetingen en afwerkingen.<\/p><p class=\"p1\">Alle <b>decoraties, friezen, patronen<\/b> en <b>motieven<\/b> zijn <b>handgemaakt <\/b>of <b>gepixeld<\/b> en kennen dus geen beperkingen.<\/p><\/div><\/div><\/div><\/div>\t\t\t\t\t<\/div>\n\t\t\t\t\t\t<\/div>\n\t\t\t\t<\/div>\n\t\t\t\t\t\t<\/div>\n\t\t\t\t\t<\/div>\n\t\t<\/div>\n\t\t\t\t\t\t\t\t<\/div>\n\t\t\t\t\t<\/div>\n\t\t<\/section>\n\t\t\t\t<section class=\"elementor-section elementor-inner-section elementor-element elementor-element-59345f0c elementor-section-content-middle elementor-reverse-mobile elementor-section-boxed elementor-section-height-default elementor-section-height-default\" data-id=\"59345f0c\" data-element_type=\"section\" data-settings=\"{&quot;motion_fx_motion_fx_scrolling&quot;:&quot;yes&quot;,&quot;motion_fx_opacity_effect&quot;:&quot;yes&quot;,&quot;motion_fx_opacity_range&quot;:{&quot;unit&quot;:&quot;%&quot;,&quot;size&quot;:&quot;&quot;,&quot;sizes&quot;:{&quot;start&quot;:40,&quot;end&quot;:50}},&quot;motion_fx_opacity_direction&quot;:&quot;out-in&quot;,&quot;motion_fx_opacity_level&quot;:{&quot;unit&quot;:&quot;px&quot;,&quot;size&quot;:10,&quot;sizes&quot;:[]},&quot;motion_fx_devices&quot;:[&quot;desktop&quot;,&quot;tablet&quot;,&quot;mobile&quot;]}\">\n\t\t\t\t\t\t<div class=\"elementor-container elementor-column-gap-no\">\n\t\t\t\t\t\t\t<div class=\"elementor-row\">\n\t\t\t\t\t<div class=\"elementor-column elementor-col-50 elementor-inner-column elementor-element elementor-element-1f932026\" data-id=\"1f932026\" data-element_type=\"column\">\n\t\t\t<div class=\"elementor-column-wrap elementor-element-populated\">\n\t\t\t\t\t\t\t<div class=\"elementor-widget-wrap\">\n\t\t\t\t\t\t<div class=\"elementor-element elementor-element-40865221 elementor-widget elementor-widget-heading\" data-id=\"40865221\" data-element_type=\"widget\" data-widget_type=\"heading.default\">\n\t\t\t\t<div class=\"elementor-widget-container\">\n\t\t\t<h2 class=\"elementor-heading-title elementor-size-default\">Verschillende toepassingen van het moza\u00efek\t<\/h2>\t\t<\/div>\n\t\t\t\t<\/div>\n\t\t\t\t<div class=\"elementor-element elementor-element-a096c55 elementor-widget elementor-widget-text-editor\" data-id=\"a096c55\" data-element_type=\"widget\" data-widget_type=\"text-editor.default\">\n\t\t\t\t<div class=\"elementor-widget-container\">\n\t\t\t\t\t\t\t\t<div class=\"elementor-text-editor elementor-clearfix\">\n\t\t\t\t\t<div class=\"page\" title=\"Page 3\"><div class=\"section\"><div class=\"layoutArea\"><div class=\"column\"><div class=\"page\" title=\"Page 3\"><div class=\"section\"><div class=\"layoutArea\"><div class=\"column\"><p class=\"p1\"><b>Moza\u00efek<\/b> is een bijzonder gevarieerd materiaal, speciaal ontworpen om alle onbegrensde <b>creaties<\/b> en <b>realisaties<\/b> voor uitzonderlijke interieurs werkelijkheid te laten worden. Alle mogelijke en denkbare <b>vormen<\/b> worden bestreken, waardoor architectonische details een echte toegevoegde waarde krijgen.<\/p><\/div><\/div><\/div><\/div><\/div><\/div><\/div><\/div>\t\t\t\t\t<\/div>\n\t\t\t\t\t\t<\/div>\n\t\t\t\t<\/div>\n\t\t\t\t\t\t<\/div>\n\t\t\t\t\t<\/div>\n\t\t<\/div>\n\t\t\t\t<div class=\"elementor-column elementor-col-50 elementor-inner-column elementor-element elementor-element-5800db9a\" data-id=\"5800db9a\" data-element_type=\"column\">\n\t\t\t<div class=\"elementor-column-wrap elementor-element-populated\">\n\t\t\t\t\t\t\t<div class=\"elementor-widget-wrap\">\n\t\t\t\t\t\t<div class=\"elementor-element elementor-element-2403ab6d elementor-widget elementor-widget-image\" data-id=\"2403ab6d\" data-element_type=\"widget\" data-widget_type=\"image.default\">\n\t\t\t\t<div class=\"elementor-widget-container\">\n\t\t\t\t\t\t\t\t<div class=\"elementor-image\">\n\t\t\t\t\t\t\t\t\t\t\t\t<img width=\"800\" height=\"531\" src=\"https:\/\/mommma.be\/wp-content\/uploads\/2021\/01\/Kofy-2-1024x680.jpg\" class=\"attachment-large size-large\" alt=\"mosaique murale decorative\" loading=\"lazy\" srcset=\"https:\/\/mommma.be\/wp-content\/uploads\/2021\/01\/Kofy-2-1024x680.jpg 1024w, https:\/\/mommma.be\/wp-content\/uploads\/2021\/01\/Kofy-2-300x199.jpg 300w, https:\/\/mommma.be\/wp-content\/uploads\/2021\/01\/Kofy-2-768x510.jpg 768w, https:\/\/mommma.be\/wp-content\/uploads\/2021\/01\/Kofy-2-1536x1020.jpg 1536w, https:\/\/mommma.be\/wp-content\/uploads\/2021\/01\/Kofy-2.jpg 2048w\" sizes=\"(max-width: 800px) 100vw, 800px\" \/>\t\t\t\t\t\t\t\t\t\t\t\t\t\t<\/div>\n\t\t\t\t\t\t<\/div>\n\t\t\t\t<\/div>\n\t\t\t\t\t\t<\/div>\n\t\t\t\t\t<\/div>\n\t\t<\/div>\n\t\t\t\t\t\t\t\t<\/div>\n\t\t\t\t\t<\/div>\n\t\t<\/section>\n\t\t\t\t\t\t<\/div>\n\t\t\t\t\t<\/div>\n\t\t<\/div>\n\t\t\t\t\t\t\t\t<\/div>\n\t\t\t\t\t<\/div>\n\t\t<\/section>\n\t\t\t\t<section class=\"elementor-section elementor-top-section elementor-element elementor-element-723e55d4 elementor-section-boxed elementor-section-height-default elementor-section-height-default\" data-id=\"723e55d4\" data-element_type=\"section\" data-settings=\"{&quot;motion_fx_motion_fx_scrolling&quot;:&quot;yes&quot;,&quot;motion_fx_opacity_effect&quot;:&quot;yes&quot;,&quot;motion_fx_opacity_range&quot;:{&quot;unit&quot;:&quot;%&quot;,&quot;size&quot;:&quot;&quot;,&quot;sizes&quot;:{&quot;start&quot;:33,&quot;end&quot;:49}},&quot;motion_fx_opacity_direction&quot;:&quot;out-in&quot;,&quot;motion_fx_opacity_level&quot;:{&quot;unit&quot;:&quot;px&quot;,&quot;size&quot;:10,&quot;sizes&quot;:[]},&quot;motion_fx_devices&quot;:[&quot;desktop&quot;,&quot;tablet&quot;,&quot;mobile&quot;]}\">\n\t\t\t\t\t\t<div class=\"elementor-container elementor-column-gap-no\">\n\t\t\t\t\t\t\t<div class=\"elementor-row\">\n\t\t\t\t\t<div class=\"elementor-column elementor-col-100 elementor-top-column elementor-element elementor-element-7cebb16f\" data-id=\"7cebb16f\" data-element_type=\"column\">\n\t\t\t<div class=\"elementor-column-wrap elementor-element-populated\">\n\t\t\t\t\t\t\t<div class=\"elementor-widget-wrap\">\n\t\t\t\t\t\t<div class=\"elementor-element elementor-element-d3a25ed elementor-widget elementor-widget-image\" data-id=\"d3a25ed\" data-element_type=\"widget\" data-widget_type=\"image.default\">\n\t\t\t\t<div class=\"elementor-widget-container\">\n\t\t\t\t\t\t\t\t<div class=\"elementor-image\">\n\t\t\t\t\t\t\t\t\t\t\t\t<img width=\"800\" height=\"534\" src=\"https:\/\/mommma.be\/wp-content\/uploads\/2021\/01\/Ginger-Stripes-1024x683.jpg\" class=\"attachment-large size-large\" alt=\"mosaique multicolore murale\" loading=\"lazy\" srcset=\"https:\/\/mommma.be\/wp-content\/uploads\/2021\/01\/Ginger-Stripes-1024x683.jpg 1024w, https:\/\/mommma.be\/wp-content\/uploads\/2021\/01\/Ginger-Stripes-300x200.jpg 300w, https:\/\/mommma.be\/wp-content\/uploads\/2021\/01\/Ginger-Stripes-768x512.jpg 768w, https:\/\/mommma.be\/wp-content\/uploads\/2021\/01\/Ginger-Stripes-1536x1024.jpg 1536w, https:\/\/mommma.be\/wp-content\/uploads\/2021\/01\/Ginger-Stripes-2048x1365.jpg 2048w\" sizes=\"(max-width: 800px) 100vw, 800px\" \/>\t\t\t\t\t\t\t\t\t\t\t\t\t\t<\/div>\n\t\t\t\t\t\t<\/div>\n\t\t\t\t<\/div>\n\t\t\t\t\t\t<\/div>\n\t\t\t\t\t<\/div>\n\t\t<\/div>\n\t\t\t\t\t\t\t\t<\/div>\n\t\t\t\t\t<\/div>\n\t\t<\/section>\n\t\t\t\t<section class=\"elementor-section elementor-top-section elementor-element elementor-element-555b0fdb elementor-section-boxed elementor-section-height-default elementor-section-height-default\" data-id=\"555b0fdb\" data-element_type=\"section\">\n\t\t\t\t\t\t<div class=\"elementor-container elementor-column-gap-default\">\n\t\t\t\t\t\t\t<div class=\"elementor-row\">\n\t\t\t\t\t<div class=\"elementor-column elementor-col-100 elementor-top-column elementor-element elementor-element-49fbb36a\" data-id=\"49fbb36a\" data-element_type=\"column\" data-settings=\"{&quot;motion_fx_motion_fx_scrolling&quot;:&quot;yes&quot;,&quot;motion_fx_opacity_effect&quot;:&quot;yes&quot;,&quot;motion_fx_opacity_range&quot;:{&quot;unit&quot;:&quot;%&quot;,&quot;size&quot;:&quot;&quot;,&quot;sizes&quot;:{&quot;start&quot;:30,&quot;end&quot;:49}},&quot;motion_fx_opacity_direction&quot;:&quot;out-in&quot;,&quot;motion_fx_opacity_level&quot;:{&quot;unit&quot;:&quot;px&quot;,&quot;size&quot;:10,&quot;sizes&quot;:[]},&quot;motion_fx_devices&quot;:[&quot;desktop&quot;,&quot;tablet&quot;,&quot;mobile&quot;]}\">\n\t\t\t<div class=\"elementor-column-wrap elementor-element-populated\">\n\t\t\t\t\t\t\t<div class=\"elementor-widget-wrap\">\n\t\t\t\t\t\t<div class=\"elementor-element elementor-element-d4bd8de elementor-widget elementor-widget-heading\" data-id=\"d4bd8de\" data-element_type=\"widget\" data-widget_type=\"heading.default\">\n\t\t\t\t<div class=\"elementor-widget-container\">\n\t\t\t<h3 class=\"elementor-heading-title elementor-size-default\">Bent U ge\u00efnteresseerd in onze moza\u00efeken?\n<\/h3>\t\t<\/div>\n\t\t\t\t<\/div>\n\t\t\t\t<div class=\"elementor-element elementor-element-6dd6881e elementor-widget elementor-widget-text-editor\" data-id=\"6dd6881e\" data-element_type=\"widget\" data-widget_type=\"text-editor.default\">\n\t\t\t\t<div class=\"elementor-widget-container\">\n\t\t\t\t\t\t\t\t<div class=\"elementor-text-editor elementor-clearfix\">\n\t\t\t\t\t<p class=\"p1\"><b>Enkel toegankelijk op afspraak.<span class=\"Apple-converted-space\">\u00a0 <\/span>Kom en ontdek onze collecties in onze showroom, gelegen op 88 Tenbosstraat B-1050 Brussel.<\/b><\/p>\t\t\t\t\t<\/div>\n\t\t\t\t\t\t<\/div>\n\t\t\t\t<\/div>\n\t\t\t\t<div class=\"elementor-element elementor-element-698824b9 elementor-align-center elementor-widget elementor-widget-button\" data-id=\"698824b9\" data-element_type=\"widget\" data-widget_type=\"button.default\">\n\t\t\t\t<div class=\"elementor-widget-container\">\n\t\t\t\t\t<div class=\"elementor-button-wrapper\">\n\t\t\t<a href=\"\/contact\" class=\"elementor-button-link elementor-button elementor-size-xl\" role=\"button\">\n\t\t\t\t\t\t<span class=\"elementor-button-content-wrapper\">\n\t\t\t\t\t\t<span class=\"elementor-button-text\">Vraag om een afspraak<\/span>\n\t\t<\/span>\n\t\t\t\t\t<\/a>\n\t\t<\/div>\n\t\t\t\t<\/div>\n\t\t\t\t<\/div>\n\t\t\t\t\t\t<\/div>\n\t\t\t\t\t<\/div>\n\t\t<\/div>\n\t\t\t\t\t\t\t\t<\/div>\n\t\t\t\t\t<\/div>\n\t\t<\/section>\n\t\t\t\t\t\t<\/div>\n\t\t\t\t\t\t<\/div>\n\t\t\t\t\t<\/div>\n\t\t","protected":false},"excerpt":{"rendered":"<p>Moza\u00efek is synoniem voor Vorm, Kleur, Creativiteit, Decoratie. Moza\u00efek zal de grootste voldoening schenken aan iedereen die op zoek is naar esthetiek. Uitzonderlijk decoratief resultaat gegarandeerd. Breed scala aan moza\u00efeken In totaal bieden wij marmermoza\u00efeken, glasmoza\u00efeken, roestvrijstalen moza\u00efeken en steengoed moza\u00efeken. Alles in meer dan 1.200 uni-kleuren, verkrijgbaar in verschillende afmetingen en afwerkingen. Alle decoraties, [&hellip;]<\/p>\n","protected":false},"author":1,"featured_media":1079,"parent":0,"menu_order":10,"comment_status":"closed","ping_status":"closed","template":"","meta":[],"yoast_head":"<!-- This site is optimized with the Yoast SEO plugin v16.8 - https:\/\/yoast.com\/wordpress\/plugins\/seo\/ -->\n<title>Moza\u00efeken - Ruime keuze aan materialen - MOMMMA<\/title>\n<meta name=\"description\" content=\"Kom en ontdek onze brede waaier aan moza\u00efeken en de verschillende materialen die in onze showroom beschikbaar zijn.\" \/>\n<meta name=\"robots\" content=\"index, follow, max-snippet:-1, max-image-preview:large, max-video-preview:-1\" \/>\n<link rel=\"canonical\" href=\"https:\/\/mommma.be\/nl\/mosaieken\/\" \/>\n<meta property=\"og:locale\" content=\"nl_NL\" \/>\n<meta property=\"og:type\" content=\"article\" \/>\n<meta property=\"og:title\" content=\"Moza\u00efeken - Ruime keuze aan materialen - MOMMMA\" \/>\n<meta property=\"og:description\" content=\"Kom en ontdek onze brede waaier aan moza\u00efeken en de verschillende materialen die in onze showroom beschikbaar zijn.\" \/>\n<meta property=\"og:url\" content=\"https:\/\/mommma.be\/nl\/mosaieken\/\" \/>\n<meta property=\"og:site_name\" content=\"MoMa Mosaiques\" \/>\n<meta property=\"article:publisher\" content=\"https:\/\/www.facebook.com\/Mommma-103009985185430\" \/>\n<meta property=\"article:modified_time\" content=\"2021-03-26T14:53:56+00:00\" \/>\n<meta property=\"og:image\" content=\"https:\/\/mommma.be\/wp-content\/uploads\/2020\/12\/De\u0301tail-fac\u0327ade-3-scaled.jpg\" \/>\n\t<meta property=\"og:image:width\" content=\"2975\" \/>\n\t<meta property=\"og:image:height\" content=\"3660\" \/>\n<meta name=\"twitter:card\" content=\"summary_large_image\" \/>\n<meta name=\"twitter:label1\" content=\"Geschatte leestijd\" \/>\n\t<meta name=\"twitter:data1\" content=\"1 minuut\" \/>\n<script type=\"application\/ld+json\" class=\"yoast-schema-graph\">{\"@context\":\"https:\/\/schema.org\",\"@graph\":[{\"@type\":\"Organization\",\"@id\":\"https:\/\/mommma.be\/#organization\",\"name\":\"Mommma\",\"url\":\"https:\/\/mommma.be\/\",\"sameAs\":[\"https:\/\/www.facebook.com\/Mommma-103009985185430\",\"https:\/\/www.linkedin.com\/company\/75874959\"],\"logo\":{\"@type\":\"ImageObject\",\"@id\":\"https:\/\/mommma.be\/#logo\",\"inLanguage\":\"nl\",\"url\":\"https:\/\/mommma.be\/wp-content\/uploads\/2021\/07\/Mommma-mosaiques-Bruxelles.jpeg\",\"contentUrl\":\"https:\/\/mommma.be\/wp-content\/uploads\/2021\/07\/Mommma-mosaiques-Bruxelles.jpeg\",\"width\":988,\"height\":1146,\"caption\":\"Mommma\"},\"image\":{\"@id\":\"https:\/\/mommma.be\/#logo\"}},{\"@type\":\"WebSite\",\"@id\":\"https:\/\/mommma.be\/#website\",\"url\":\"https:\/\/mommma.be\/\",\"name\":\"MoMMMa Mosaiques\",\"description\":\"importateur en Belgique de mosa\\u00efques et marqueteries de marbre, pierre naturelle, carrelages en c\\u00e9ramique\",\"publisher\":{\"@id\":\"https:\/\/mommma.be\/#organization\"},\"potentialAction\":[{\"@type\":\"SearchAction\",\"target\":{\"@type\":\"EntryPoint\",\"urlTemplate\":\"https:\/\/mommma.be\/?s={search_term_string}\"},\"query-input\":\"required name=search_term_string\"}],\"inLanguage\":\"nl\"},{\"@type\":\"ImageObject\",\"@id\":\"https:\/\/mommma.be\/nl\/mosaieken\/#primaryimage\",\"inLanguage\":\"nl\",\"url\":\"https:\/\/mommma.be\/wp-content\/uploads\/2020\/12\/De\\u0301tail-fac\\u0327ade-3-scaled.jpg\",\"contentUrl\":\"https:\/\/mommma.be\/wp-content\/uploads\/2020\/12\/De\\u0301tail-fac\\u0327ade-3-scaled.jpg\",\"width\":2975,\"height\":3660,\"caption\":\"hdrpl\"},{\"@type\":\"WebPage\",\"@id\":\"https:\/\/mommma.be\/nl\/mosaieken\/#webpage\",\"url\":\"https:\/\/mommma.be\/nl\/mosaieken\/\",\"name\":\"Moza\\u00efeken - Ruime keuze aan materialen - MOMMMA\",\"isPartOf\":{\"@id\":\"https:\/\/mommma.be\/#website\"},\"primaryImageOfPage\":{\"@id\":\"https:\/\/mommma.be\/nl\/mosaieken\/#primaryimage\"},\"datePublished\":\"2020-09-30T12:18:51+00:00\",\"dateModified\":\"2021-03-26T14:53:56+00:00\",\"description\":\"Kom en ontdek onze brede waaier aan moza\\u00efeken en de verschillende materialen die in onze showroom beschikbaar zijn.\",\"breadcrumb\":{\"@id\":\"https:\/\/mommma.be\/nl\/mosaieken\/#breadcrumb\"},\"inLanguage\":\"nl\",\"potentialAction\":[{\"@type\":\"ReadAction\",\"target\":[\"https:\/\/mommma.be\/nl\/mosaieken\/\"]}]},{\"@type\":\"BreadcrumbList\",\"@id\":\"https:\/\/mommma.be\/nl\/mosaieken\/#breadcrumb\",\"itemListElement\":[{\"@type\":\"ListItem\",\"position\":1,\"name\":\"Home\",\"item\":\"https:\/\/mommma.be\/nl\/\"},{\"@type\":\"ListItem\",\"position\":2,\"name\":\"Moza\\u00efeken\"}]}]}<\/script>\n<!-- \/ Yoast SEO plugin. -->","yoast_head_json":{"title":"Moza\u00efeken - Ruime keuze aan materialen - MOMMMA","description":"Kom en ontdek onze brede waaier aan moza\u00efeken en de verschillende materialen die in onze showroom beschikbaar zijn.","robots":{"index":"index","follow":"follow","max-snippet":"max-snippet:-1","max-image-preview":"max-image-preview:large","max-video-preview":"max-video-preview:-1"},"canonical":"https:\/\/mommma.be\/nl\/mosaieken\/","og_locale":"nl_NL","og_type":"article","og_title":"Moza\u00efeken - Ruime keuze aan materialen - MOMMMA","og_description":"Kom en ontdek onze brede waaier aan moza\u00efeken en de verschillende materialen die in onze showroom beschikbaar zijn.","og_url":"https:\/\/mommma.be\/nl\/mosaieken\/","og_site_name":"MoMa Mosaiques","article_publisher":"https:\/\/www.facebook.com\/Mommma-103009985185430","article_modified_time":"2021-03-26T14:53:56+00:00","og_image":[{"width":2975,"height":3660,"url":"https:\/\/mommma.be\/wp-content\/uploads\/2020\/12\/De\u0301tail-fac\u0327ade-3-scaled.jpg","path":"\/home\/mommmay\/www\/wp-content\/uploads\/2020\/12\/De\u0301tail-fac\u0327ade-3-scaled.jpg","size":"full","id":1079,"alt":"Belle fa\u00e7ade en mosaique","pixels":10888500,"type":"image\/jpeg"}],"twitter_card":"summary_large_image","twitter_misc":{"Geschatte leestijd":"1 minuut"},"schema":{"@context":"https:\/\/schema.org","@graph":[{"@type":"Organization","@id":"https:\/\/mommma.be\/#organization","name":"Mommma","url":"https:\/\/mommma.be\/","sameAs":["https:\/\/www.facebook.com\/Mommma-103009985185430","https:\/\/www.linkedin.com\/company\/75874959"],"logo":{"@type":"ImageObject","@id":"https:\/\/mommma.be\/#logo","inLanguage":"nl","url":"https:\/\/mommma.be\/wp-content\/uploads\/2021\/07\/Mommma-mosaiques-Bruxelles.jpeg","contentUrl":"https:\/\/mommma.be\/wp-content\/uploads\/2021\/07\/Mommma-mosaiques-Bruxelles.jpeg","width":988,"height":1146,"caption":"Mommma"},"image":{"@id":"https:\/\/mommma.be\/#logo"}},{"@type":"WebSite","@id":"https:\/\/mommma.be\/#website","url":"https:\/\/mommma.be\/","name":"MoMMMa Mosaiques","description":"importateur en Belgique de mosa\u00efques et marqueteries de marbre, pierre naturelle, carrelages en c\u00e9ramique","publisher":{"@id":"https:\/\/mommma.be\/#organization"},"potentialAction":[{"@type":"SearchAction","target":{"@type":"EntryPoint","urlTemplate":"https:\/\/mommma.be\/?s={search_term_string}"},"query-input":"required name=search_term_string"}],"inLanguage":"nl"},{"@type":"ImageObject","@id":"https:\/\/mommma.be\/nl\/mosaieken\/#primaryimage","inLanguage":"nl","url":"https:\/\/mommma.be\/wp-content\/uploads\/2020\/12\/De\u0301tail-fac\u0327ade-3-scaled.jpg","contentUrl":"https:\/\/mommma.be\/wp-content\/uploads\/2020\/12\/De\u0301tail-fac\u0327ade-3-scaled.jpg","width":2975,"height":3660,"caption":"hdrpl"},{"@type":"WebPage","@id":"https:\/\/mommma.be\/nl\/mosaieken\/#webpage","url":"https:\/\/mommma.be\/nl\/mosaieken\/","name":"Moza\u00efeken - Ruime keuze aan materialen - MOMMMA","isPartOf":{"@id":"https:\/\/mommma.be\/#website"},"primaryImageOfPage":{"@id":"https:\/\/mommma.be\/nl\/mosaieken\/#primaryimage"},"datePublished":"2020-09-30T12:18:51+00:00","dateModified":"2021-03-26T14:53:56+00:00","description":"Kom en ontdek onze brede waaier aan moza\u00efeken en de verschillende materialen die in onze showroom beschikbaar zijn.","breadcrumb":{"@id":"https:\/\/mommma.be\/nl\/mosaieken\/#breadcrumb"},"inLanguage":"nl","potentialAction":[{"@type":"ReadAction","target":["https:\/\/mommma.be\/nl\/mosaieken\/"]}]},{"@type":"BreadcrumbList","@id":"https:\/\/mommma.be\/nl\/mosaieken\/#breadcrumb","itemListElement":[{"@type":"ListItem","position":1,"name":"Home","item":"https:\/\/mommma.be\/nl\/"},{"@type":"ListItem","position":2,"name":"Moza\u00efeken"}]}]}},"_links":{"self":[{"href":"https:\/\/mommma.be\/nl\/wp-json\/wp\/v2\/pages\/1374"}],"collection":[{"href":"https:\/\/mommma.be\/nl\/wp-json\/wp\/v2\/pages"}],"about":[{"href":"https:\/\/mommma.be\/nl\/wp-json\/wp\/v2\/types\/page"}],"author":[{"embeddable":true,"href":"https:\/\/mommma.be\/nl\/wp-json\/wp\/v2\/users\/1"}],"replies":[{"embeddable":true,"href":"https:\/\/mommma.be\/nl\/wp-json\/wp\/v2\/comments?post=1374"}],"version-history":[{"count":1,"href":"https:\/\/mommma.be\/nl\/wp-json\/wp\/v2\/pages\/1374\/revisions"}],"predecessor-version":[{"id":1767,"href":"https:\/\/mommma.be\/nl\/wp-json\/wp\/v2\/pages\/1374\/revisions\/1767"}],"wp:featuredmedia":[{"embeddable":true,"href":"https:\/\/mommma.be\/nl\/wp-json\/wp\/v2\/media\/1079"}],"wp:attachment":[{"href":"https:\/\/mommma.be\/nl\/wp-json\/wp\/v2\/media?parent=1374"}],"curies":[{"name":"wp","href":"https:\/\/api.w.org\/{rel}","templated":true}]}}